{"id":164,"date":"2026-02-11T02:41:43","date_gmt":"2026-02-11T02:41:43","guid":{"rendered":"https:\/\/stilo24.com\/?page_id=164"},"modified":"2026-02-11T02:48:01","modified_gmt":"2026-02-11T02:48:01","slug":"daniel-sigcho","status":"publish","type":"page","link":"https:\/\/stilo24.com\/index.php\/daniel-sigcho\/","title":{"rendered":"Daniel Sigcho"},"content":{"rendered":"\n<h3 class=\"wp-block-heading\"><\/h3>\n\n\n\n<div class=\"wp-block-columns is-layout-flex wp-container-core-columns-is-layout-9d6595d7 wp-block-columns-is-layout-flex\">\n<div class=\"wp-block-column is-layout-flow wp-block-column-is-layout-flow\">\nDaniel Sigcho\n\nEs fundador de Radio Stilo24 y locutor profesional desde el a\u00f1o 2008. Inici\u00f3 su carrera en el estado de Virginia, Estados Unidos, donde descubri\u00f3 su pasi\u00f3n por la comunicaci\u00f3n y comenz\u00f3 a dar sus primeros pasos en el mundo de la radio y los medios hispanos.\n\nDesde sus inicios, se destac\u00f3 por su voz aut\u00e9ntica, cercana y profesional, logrando conectar con la comunidad a trav\u00e9s de programas radiales, y participacipando en distintos espacios comunicacionales. Su compromiso con la informaci\u00f3n, el entretenimiento y el servicio a la comunidad lo llev\u00f3 a incursionar en el \u00e1mbito de la comunicaci\u00f3n social, ampliando su preparaci\u00f3n y experiencia en medios y producci\u00f3n de contenido.\n\nEn el a\u00f1o 2011, Daniel se mud\u00f3 a New Jersey, donde continu\u00f3 fortaleciendo su carrera y consolidando su presencia en el \u00e1mbito comunicacional. En este nuevo escenario, ampli\u00f3 su campo de acci\u00f3n participando en proyectos radiales, cobertura de eventos sociales y culturales, producci\u00f3n audiovisual y creaci\u00f3n de contenido digital.\n\nA lo largo de los a\u00f1os, ha sabido adaptarse a la evoluci\u00f3n de los medios, incorporando plataformas digitales y redes sociales como parte fundamental de su trabajo, utilizando su voz e imagen para informar, inspirar y motivar a la comunidad hispana en los Estados Unidos.\n\nCon m\u00e1s de una d\u00e9cada de trayectoria, Daniel Sigcho se caracteriza por su profesionalismo, responsabilidad y pasi\u00f3n por la comunicaci\u00f3n, manteniendo firme su compromiso de seguir creciendo y aportando valor a trav\u00e9s de cada proyecto que emprende.\n<\/div>\n\n\n\n<div class=\"wp-block-column is-layout-flow wp-block-column-is-layout-flow\">\n<figure class=\"wp-block-image size-large\"><img loading=\"lazy\" decoding=\"async\" width=\"1024\" height=\"1024\" src=\"https:\/\/stilo24.com\/wp-content\/uploads\/2026\/01\/dan-1024x1024.jpg\" alt=\"\" class=\"wp-image-63\" srcset=\"https:\/\/stilo24.com\/wp-content\/uploads\/2026\/01\/dan-1024x1024.jpg 1024w, https:\/\/stilo24.com\/wp-content\/uploads\/2026\/01\/dan-300x300.jpg 300w, https:\/\/stilo24.com\/wp-content\/uploads\/2026\/01\/dan-150x150.jpg 150w, https:\/\/stilo24.com\/wp-content\/uploads\/2026\/01\/dan-768x768.jpg 768w, https:\/\/stilo24.com\/wp-content\/uploads\/2026\/01\/dan-100x100.jpg 100w, https:\/\/stilo24.com\/wp-content\/uploads\/2026\/01\/dan-560x560.jpg 560w, https:\/\/stilo24.com\/wp-content\/uploads\/2026\/01\/dan.jpg 1080w\" sizes=\"auto, (max-width: 1024px) 100vw, 1024px\" \/><\/figure>\n<\/div>\n<\/div>\n","protected":false},"excerpt":{"rendered":"<p>Daniel Sigcho Es fundador de Radio Stilo24 y locutor profesional desde el a\u00f1o 2008. Inici\u00f3 su carrera en el estado de Virginia, Estados Unidos, donde descubri\u00f3 su pasi\u00f3n por la comunicaci\u00f3n y comenz\u00f3 a dar sus primeros pasos en el mundo de la radio y los medios hispanos. Desde sus inicios, se destac\u00f3 por su [&hellip;]<\/p>\n","protected":false},"author":1,"featured_media":0,"parent":0,"menu_order":0,"comment_status":"closed","ping_status":"closed","template":"","meta":{"footnotes":""},"class_list":["post-164","page","type-page","status-publish","hentry"],"_links":{"self":[{"href":"https:\/\/stilo24.com\/index.php\/wp-json\/wp\/v2\/pages\/164","targetHints":{"allow":["GET"]}}],"collection":[{"href":"https:\/\/stilo24.com\/index.php\/wp-json\/wp\/v2\/pages"}],"about":[{"href":"https:\/\/stilo24.com\/index.php\/wp-json\/wp\/v2\/types\/page"}],"author":[{"embeddable":true,"href":"https:\/\/stilo24.com\/index.php\/wp-json\/wp\/v2\/users\/1"}],"replies":[{"embeddable":true,"href":"https:\/\/stilo24.com\/index.php\/wp-json\/wp\/v2\/comments?post=164"}],"version-history":[{"count":4,"href":"https:\/\/stilo24.com\/index.php\/wp-json\/wp\/v2\/pages\/164\/revisions"}],"predecessor-version":[{"id":171,"href":"https:\/\/stilo24.com\/index.php\/wp-json\/wp\/v2\/pages\/164\/revisions\/171"}],"wp:attachment":[{"href":"https:\/\/stilo24.com\/index.php\/wp-json\/wp\/v2\/media?parent=164"}],"curies":[{"name":"wp","href":"https:\/\/api.w.org\/{rel}","templated":true}]}}