{"id":28,"date":"2026-01-24T19:37:26","date_gmt":"2026-01-24T19:37:26","guid":{"rendered":"https:\/\/stilo24.com\/index.php\/register\/"},"modified":"2026-01-31T14:19:53","modified_gmt":"2026-01-31T14:19:53","slug":"register","status":"publish","type":"page","link":"https:\/\/stilo24.com\/index.php\/register\/","title":{"rendered":"Nuestras empresas"},"content":{"rendered":"\n<div class=\"wp-block-columns is-layout-flex wp-container-core-columns-is-layout-9d6595d7 wp-block-columns-is-layout-flex\">\n<div class=\"wp-block-column is-layout-flow wp-block-column-is-layout-flow\">\n<figure class=\"wp-block-image size-large\"><img loading=\"lazy\" decoding=\"async\" width=\"1024\" height=\"1024\" src=\"https:\/\/stilo24.com\/wp-content\/uploads\/2026\/01\/SM1-1024x1024.jpg\" alt=\"\" class=\"wp-image-95\" srcset=\"https:\/\/stilo24.com\/wp-content\/uploads\/2026\/01\/SM1-1024x1024.jpg 1024w, https:\/\/stilo24.com\/wp-content\/uploads\/2026\/01\/SM1-300x300.jpg 300w, https:\/\/stilo24.com\/wp-content\/uploads\/2026\/01\/SM1-150x150.jpg 150w, https:\/\/stilo24.com\/wp-content\/uploads\/2026\/01\/SM1-768x768.jpg 768w, https:\/\/stilo24.com\/wp-content\/uploads\/2026\/01\/SM1-100x100.jpg 100w, https:\/\/stilo24.com\/wp-content\/uploads\/2026\/01\/SM1-560x560.jpg 560w, https:\/\/stilo24.com\/wp-content\/uploads\/2026\/01\/SM1.jpg 1042w\" sizes=\"auto, (max-width: 1024px) 100vw, 1024px\" \/><\/figure>\n<\/div>\n\n\n\n<div class=\"wp-block-column is-layout-flow wp-block-column-is-layout-flow\">\n<figure class=\"wp-block-image size-large\"><img loading=\"lazy\" decoding=\"async\" width=\"1024\" height=\"1024\" src=\"https:\/\/stilo24.com\/wp-content\/uploads\/2026\/01\/CECY-1024x1024.jpg\" alt=\"\" class=\"wp-image-92\" srcset=\"https:\/\/stilo24.com\/wp-content\/uploads\/2026\/01\/CECY-1024x1024.jpg 1024w, https:\/\/stilo24.com\/wp-content\/uploads\/2026\/01\/CECY-300x300.jpg 300w, https:\/\/stilo24.com\/wp-content\/uploads\/2026\/01\/CECY-150x150.jpg 150w, https:\/\/stilo24.com\/wp-content\/uploads\/2026\/01\/CECY-768x768.jpg 768w, https:\/\/stilo24.com\/wp-content\/uploads\/2026\/01\/CECY-100x100.jpg 100w, https:\/\/stilo24.com\/wp-content\/uploads\/2026\/01\/CECY-560x560.jpg 560w, https:\/\/stilo24.com\/wp-content\/uploads\/2026\/01\/CECY.jpg 1042w\" sizes=\"auto, (max-width: 1024px) 100vw, 1024px\" \/><\/figure>\n<\/div>\n\n\n\n<div class=\"wp-block-column is-layout-flow wp-block-column-is-layout-flow\">\n<figure class=\"wp-block-image size-large\"><img loading=\"lazy\" decoding=\"async\" width=\"1024\" height=\"1024\" src=\"https:\/\/stilo24.com\/wp-content\/uploads\/2026\/01\/DANI1-1024x1024.jpg\" alt=\"\" class=\"wp-image-93\" srcset=\"https:\/\/stilo24.com\/wp-content\/uploads\/2026\/01\/DANI1-1024x1024.jpg 1024w, https:\/\/stilo24.com\/wp-content\/uploads\/2026\/01\/DANI1-300x300.jpg 300w, https:\/\/stilo24.com\/wp-content\/uploads\/2026\/01\/DANI1-150x150.jpg 150w, https:\/\/stilo24.com\/wp-content\/uploads\/2026\/01\/DANI1-768x768.jpg 768w, https:\/\/stilo24.com\/wp-content\/uploads\/2026\/01\/DANI1-100x100.jpg 100w, https:\/\/stilo24.com\/wp-content\/uploads\/2026\/01\/DANI1-560x560.jpg 560w, https:\/\/stilo24.com\/wp-content\/uploads\/2026\/01\/DANI1.jpg 1042w\" sizes=\"auto, (max-width: 1024px) 100vw, 1024px\" \/><\/figure>\n<\/div>\n<\/div>\n\n\n\n<div class=\"wp-block-columns is-layout-flex wp-container-core-columns-is-layout-9d6595d7 wp-block-columns-is-layout-flex\">\n<div class=\"wp-block-column is-layout-flow wp-block-column-is-layout-flow\">\n<pre class=\"wp-block-code has-small-font-size\"><code>Biograf\u00eda:\nDaniel Sigcho es un profesional del video y la producci\u00f3n audiovisual con experiencia desde el a\u00f1o 2014, dedicado a la grabaci\u00f3n, edici\u00f3n y producci\u00f3n de videos para todo tipo de eventos sociales. A lo largo de los a\u00f1os ha trabajado con pasi\u00f3n y compromiso, capturando momentos \u00fanicos y transform\u00e1ndolos en recuerdos inolvidables.\nOfrecemos paquetes accesibles, pensados para adaptarse a las necesidades y presupuestos de nuestros clientes, sin sacrificar calidad ni profesionalismo. Brindamos servicios para eventos como 15 a\u00f1os, bodas, cumplea\u00f1os y celebraciones especiales, cuidando cada detalle para que cada historia sea contada con emoci\u00f3n y excelencia.<\/code><\/pre>\n<\/div>\n\n\n\n<div class=\"wp-block-column is-layout-flow wp-block-column-is-layout-flow\">\n<pre class=\"wp-block-code has-small-font-size\"><code>Biograf\u00eda \nCecilia Medina:\nCecilia es una artesana especializada en mullos tejidos a mano, con experiencia desde 2012, a\u00f1o en que inici\u00f3 su emprendimiento en los Estados Unidos. Su trabajo se caracteriza por la alta calidad, el cuidado en cada detalle y el uso de materiales seleccionados para ofrecer mullos resistentes, c\u00f3modos y elegantes.\nCada pieza es elaborada 100% a mano, garantizando un producto \u00fanico, duradero y con acabados profesionales. Cecilia ofrece mullos ideales para el uso diario, regalos especiales y clientes que buscan calidad superior a un precio justo.<\/code><\/pre>\n<\/div>\n\n\n\n<div class=\"wp-block-column is-layout-flow wp-block-column-is-layout-flow\">\n<pre class=\"wp-block-code has-small-font-size\"><code>Biograf\u00eda de Daniel Sigcho:\nDaniel es un fot\u00f3grafo profesional con trayectoria desde el a\u00f1o 2010, reconocido por su pasi\u00f3n por la fotograf\u00eda y su alto nivel de profesionalismo y entrega en cada proyecto. Su objetivo es capturar momentos aut\u00e9nticos, emociones reales y recuerdos que perduren en el tiempo.\nBrinda servicios fotogr\u00e1ficos para 15 a\u00f1os, cumplea\u00f1os, bodas y eventos sociales, cuidando cada detalle para ofrecer im\u00e1genes de alta calidad. Adem\u00e1s, es creador de contenido para redes sociales, ayudando a marcas y personas a destacar con im\u00e1genes impactantes y creativas.<\/code><\/pre>\n<\/div>\n<\/div>\n\n\n\n<p><\/p>\n","protected":false},"excerpt":{"rendered":"","protected":false},"author":1,"featured_media":0,"parent":0,"menu_order":0,"comment_status":"closed","ping_status":"closed","template":"","meta":{"footnotes":""},"class_list":["post-28","page","type-page","status-publish","hentry"],"_links":{"self":[{"href":"https:\/\/stilo24.com\/index.php\/wp-json\/wp\/v2\/pages\/28","targetHints":{"allow":["GET"]}}],"collection":[{"href":"https:\/\/stilo24.com\/index.php\/wp-json\/wp\/v2\/pages"}],"about":[{"href":"https:\/\/stilo24.com\/index.php\/wp-json\/wp\/v2\/types\/page"}],"author":[{"embeddable":true,"href":"https:\/\/stilo24.com\/index.php\/wp-json\/wp\/v2\/users\/1"}],"replies":[{"embeddable":true,"href":"https:\/\/stilo24.com\/index.php\/wp-json\/wp\/v2\/comments?post=28"}],"version-history":[{"count":5,"href":"https:\/\/stilo24.com\/index.php\/wp-json\/wp\/v2\/pages\/28\/revisions"}],"predecessor-version":[{"id":131,"href":"https:\/\/stilo24.com\/index.php\/wp-json\/wp\/v2\/pages\/28\/revisions\/131"}],"wp:attachment":[{"href":"https:\/\/stilo24.com\/index.php\/wp-json\/wp\/v2\/media?parent=28"}],"curies":[{"name":"wp","href":"https:\/\/api.w.org\/{rel}","templated":true}]}}