{"id":33,"date":"2026-01-24T19:37:27","date_gmt":"2026-01-24T19:37:27","guid":{"rendered":"https:\/\/stilo24.com\/index.php\/about-us\/"},"modified":"2026-01-24T19:56:27","modified_gmt":"2026-01-24T19:56:27","slug":"about-us","status":"publish","type":"page","link":"https:\/\/stilo24.com\/index.php\/about-us\/","title":{"rendered":"About Us"},"content":{"rendered":"<p>Historia<\/p>\n<p>A principios del a\u00f1o 2008, se toma la iniciativa de crear \u201cSUPEREVENTON\u201d. Una radio por internet.<\/p>\n<p>Los impulsores de este novedoso proyecto fueron; Daniel Sigcho, Walter Sigcho, Lauro Sigcho y Lauro Velepucha Los motivos para tomar el riesgo y continuar con este prop\u00f3sito, son diversos. Pero entre los principales se pueden mencionar: la pasi\u00f3n y gusto por la m\u00fasica, el deseo de compartir parte de la cultura e ideales, as\u00ed como promover siempre una actitud positiva a los diversosradioescuchas (que han ido integr\u00e1ndose en la sinton\u00eda de la radio). Ya que la m\u00fasica tiene una gran influencia en nuestras emociones.<\/p>\n<p>Supereventon va creciendo al pasar del tiempo, estando ubicada la cabina central en Virginia EE UU, cabe mencionar que varios compa\u00f1eros han formado parte de esta estaci\u00f3n de radio\u2026 Un gran agradecimiento a quienes colaboraron y aun contin\u00faan siendo parte de este proyecto.<\/p>\n<p>Como dice el dicho \u201chonor a quien honor merece\u201d.<\/p>\n<p>Gracias a: Angel Mateo (dj Leo), Antonio Ambuludi (Extasis dj), Fausto Sigcho (dj Fausto), Lourdes Noh, Miguel Morocho y Carlos tene (loko charly).<\/p>\n<p>Como todo proyecto en el transcurso de su desarrollo Supereventon ha tenido complicaciones. A mediados del 2010 (junio aproximadamente), y por causas de fuerza mayor la radio queda inactiva.Ausent\u00e1ndose del mundo virtual por un tiempo considerable.<\/p>\n<p>Pero esta ausencia dio paso a una renovaci\u00f3n. Con la firme decisi\u00f3n de continuar con el objetivo de comunicar y transmitir ideales positivos y una variedad musical, siempre pensando en el agrado de nuestra gente, se toma la decisi\u00f3n de cambiar tanto el nombre de la radio y la presentaci\u00f3n del portal web. Por mutuo acuerdo se decide cambiar el nombre de la radio, antes Supereventon pasa a ser renombrada como: Stilo24.<\/p>\n<p>Fue un cambio dr\u00e1stico. Por lo cual aun se tem\u00eda por la aceptaci\u00f3n del p\u00fablico. Pero gracias a Dios y en hora buena por los integrantes de esta radio virtual, a los radioescuchas este cambio les mostro una nueva faceta. Ahora regresaban con nuevos \u00e1nimos y mayor fuerza. Se crearon programaciones nuevas y se ha notado crecimiento profesional en cada uno de los participantes de este maravilloso proyecto.<\/p>\n<p>Esta aceptaci\u00f3n brindo una gran satisfacci\u00f3n, alegr\u00eda y un sentido de compromiso en cada uno de los colaboradores del staff de STILO24.<\/p>\n<p>Es as\u00ed como bajo el nombre de Stilo24 y una nueva cara en el portal web (<a href=\"http:\/\/www.stilo24.com\/\" target=\"_blank\" rel=\"noopener\" data-saferedirecturl=\"https:\/\/www.google.com\/url?q=http:\/\/www.stilo24.com&amp;source=gmail&amp;ust=1769370621876000&amp;usg=AOvVaw1tqVARo-fideY3LR5jOhFV\">www.stilo24.com<\/a>), la radio ha experimentado una gran etapa de crecimiento. Lo cual ha aumentado el entusiasmo de todos los involucrados.<\/p>\n<p>Ya a finales del 2011 se inicia a realizar distintos eventos en representaci\u00f3n de Stilo24. Con esto se va obteniendo reconocimiento. Y se logra entablar contacto con la 917, ubicada en el estado de New Jersey, una radio local con gran cobertura. Esto brinda m\u00e1s respaldo y ayuda a generar nuevos planes de proyectos venideros.<\/p>\n<p>Ahora en este a\u00f1o 2012 Stilo24, goza de distinci\u00f3n dentro del mundo de la radio y comunicaci\u00f3n. Y en conjunto con la 917 (La Mainst Radio) est\u00e1n contribuyendo a su crecimiento mutuo, con el ferviente deseo de brindar a cada radioescucha un espacio en el cual proyecten alegr\u00edas, compa\u00f1erismo y sobre todo siempre reiterando\u2026 Que este gran proyecto es creado para la gente, que gracias a su apoyo ha ido y continuara creciendo&#8230;&#8230;<\/p>\n<p>Siguiendo los pasos a STILO24\u2026<\/p>\n<p>De nueva cuenta te traigo noticias, sobre la radio virtual que en estos d\u00edas ha continuado cosechando \u00e9xitos y reconocimiento dentro del mundo de medios de comunicaci\u00f3n.<\/p>\n<p>Compartiendo mas de un estilo musical, las 24 hrs., del d\u00eda. STILO24 sigue en crecimiento. Cada vez es mas gente la que se une a la sinton\u00eda de esta radio online \u00bfQu\u00e9 es lo que har\u00e1 tan distintiva a esta radio?&#8230; Es claro que ingresar a este mundo, no es f\u00e1cil, se tiene una gran responsabilidad. Ya que se esta conciente de que se llega a o\u00eddos de muchas personas. Algo que se nota es que el equipo que conforma esta radio, son personas que realmente est\u00e1n luchando, por llevar un sue\u00f1o a la realidad y a su punto m\u00e1ximo de \u00e9xito. Por que detenerse si se esta obteniendo tan buenos resultados.<\/p>\n<p>El s\u00e1bado 10 de marzo, Daniel Sigcho, Lauro Jhoel y Antonio Ambuludi, recibieron su certificado. Por haber concluido con \u00e9xito un curso de locuci\u00f3n, el cual se imparti\u00f3 en las instalaciones de la estaci\u00f3n hermana La Main ST Radio. Al igual que STILO24, nuestros amigos est\u00e1n creciendo profesionalmente y se preparan para brindar no solo un buen servicio, sino buena compa\u00f1\u00eda a cada gente que se da cita para escuchar las distintas programaciones de esta radio online.<\/p>\n","protected":false},"excerpt":{"rendered":"<p>Historia A principios del a\u00f1o 2008, se toma la iniciativa de crear \u201cSUPEREVENTON\u201d. Una radio por internet. Los impulsores de este novedoso proyecto fueron; Daniel Sigcho, Walter Sigcho, Lauro Sigcho y Lauro Velepucha Los motivos para tomar el riesgo y continuar con este prop\u00f3sito, son diversos. Pero entre los principales se pueden mencionar: la pasi\u00f3n [&hellip;]<\/p>\n","protected":false},"author":1,"featured_media":0,"parent":0,"menu_order":0,"comment_status":"closed","ping_status":"closed","template":"","meta":{"footnotes":""},"class_list":["post-33","page","type-page","status-publish","hentry"],"_links":{"self":[{"href":"https:\/\/stilo24.com\/index.php\/wp-json\/wp\/v2\/pages\/33","targetHints":{"allow":["GET"]}}],"collection":[{"href":"https:\/\/stilo24.com\/index.php\/wp-json\/wp\/v2\/pages"}],"about":[{"href":"https:\/\/stilo24.com\/index.php\/wp-json\/wp\/v2\/types\/page"}],"author":[{"embeddable":true,"href":"https:\/\/stilo24.com\/index.php\/wp-json\/wp\/v2\/users\/1"}],"replies":[{"embeddable":true,"href":"https:\/\/stilo24.com\/index.php\/wp-json\/wp\/v2\/comments?post=33"}],"version-history":[{"count":3,"href":"https:\/\/stilo24.com\/index.php\/wp-json\/wp\/v2\/pages\/33\/revisions"}],"predecessor-version":[{"id":64,"href":"https:\/\/stilo24.com\/index.php\/wp-json\/wp\/v2\/pages\/33\/revisions\/64"}],"wp:attachment":[{"href":"https:\/\/stilo24.com\/index.php\/wp-json\/wp\/v2\/media?parent=33"}],"curies":[{"name":"wp","href":"https:\/\/api.w.org\/{rel}","templated":true}]}}