{"id":35,"date":"2026-01-24T19:37:27","date_gmt":"2026-01-24T19:37:27","guid":{"rendered":"https:\/\/stilo24.com\/index.php\/services\/"},"modified":"2026-01-25T20:03:52","modified_gmt":"2026-01-25T20:03:52","slug":"services","status":"publish","type":"page","link":"https:\/\/stilo24.com\/index.php\/services\/","title":{"rendered":"Services"},"content":{"rendered":"<div>MISION:<\/div>\n<div>Ser un espacio publico de dialogo y libertad de expresi\u00f3n con una mirada preferencial a los sectores mas vulnerables, para construir una ciudadan\u00eda critica que genere cambios hacia el buen vivir.<\/div>\n<div>\u00a0<\/div>\n<div>VISI\u00d3N:<\/div>\n<div>Ser\u00e1 un medio de comunicaci\u00f3n sustentable que marca agenda en la vida publica, y es un referente nacional e internacional en la comunicaci\u00f3n!!<\/div>\n\n\n<p><\/p>\n","protected":false},"excerpt":{"rendered":"<p>MISION: Ser un espacio publico de dialogo y libertad de expresi\u00f3n con una mirada preferencial a los sectores mas vulnerables, para construir una ciudadan\u00eda critica que genere cambios hacia el buen vivir. \u00a0 VISI\u00d3N: Ser\u00e1 un medio de comunicaci\u00f3n sustentable que marca agenda en la vida publica, y es un referente nacional e internacional en [&hellip;]<\/p>\n","protected":false},"author":1,"featured_media":0,"parent":0,"menu_order":0,"comment_status":"closed","ping_status":"closed","template":"","meta":{"footnotes":""},"class_list":["post-35","page","type-page","status-publish","hentry"],"_links":{"self":[{"href":"https:\/\/stilo24.com\/index.php\/wp-json\/wp\/v2\/pages\/35","targetHints":{"allow":["GET"]}}],"collection":[{"href":"https:\/\/stilo24.com\/index.php\/wp-json\/wp\/v2\/pages"}],"about":[{"href":"https:\/\/stilo24.com\/index.php\/wp-json\/wp\/v2\/types\/page"}],"author":[{"embeddable":true,"href":"https:\/\/stilo24.com\/index.php\/wp-json\/wp\/v2\/users\/1"}],"replies":[{"embeddable":true,"href":"https:\/\/stilo24.com\/index.php\/wp-json\/wp\/v2\/comments?post=35"}],"version-history":[{"count":1,"href":"https:\/\/stilo24.com\/index.php\/wp-json\/wp\/v2\/pages\/35\/revisions"}],"predecessor-version":[{"id":61,"href":"https:\/\/stilo24.com\/index.php\/wp-json\/wp\/v2\/pages\/35\/revisions\/61"}],"wp:attachment":[{"href":"https:\/\/stilo24.com\/index.php\/wp-json\/wp\/v2\/media?parent=35"}],"curies":[{"name":"wp","href":"https:\/\/api.w.org\/{rel}","templated":true}]}}